{"id":2897,"date":"2024-02-11T23:42:02","date_gmt":"2024-02-11T23:42:02","guid":{"rendered":"https:\/\/esthecure.com\/?post_type=product&#038;p=2897"},"modified":"2026-02-27T11:19:45","modified_gmt":"2026-02-27T11:19:45","slug":"gommage","status":"publish","type":"product","link":"https:\/\/www.esthecure.com\/en\/product\/gommage\/","title":{"rendered":"SCRUB"},"content":{"rendered":"<p><strong>OBJECTIVE:<br \/>\n<\/strong> Le gommage est un produit exfoliant con\u00e7u pour \u00e9liminer les cellules mortes de la peau et stimuler le renouvellement cellulaire. Sa texture granuleuse aide \u00e0 d\u00e9boucher les pores, \u00e0 lisser la texture de la peau et \u00e0 promouvoir un teint plus \u00e9clatant.<\/p>\n<p><strong>COMPOSITION:<\/strong><\/p>\n<p>Aqua, Sodium Polyacrylate, Dicaprylyl Carbonate, Polyglyceryl-3 Caprate, Glycerin, Argania Spinosa (Argan) Kernel Oil, Prunus Amygdalus Dulcis (Sweet Almond) Oil, Argania Spinosa Shell Powder, Xanthan Gum, Tocopheryl Acetate, Papaver Rhoeas Flower Powder, Glycolic Acid, Salicylic Acid, Mandelic Acid, Retinol, Niacinamide, Panthenol, Ascorbyl Glucoside, Hyaluronic Acid, Sodium Hyaluronate, Pyrus Malus (Apple) Fruit Extract, Musa Sapientum (Banana) Fruit Extract, Passiflora Edulis (Passion Fruit) Fruit Extract, Fragrance, Sodium Benzoate, Ethylhexylglycerin, Phenoxyethanol, CI 18050.<\/p>\n<p><strong>SPECIFICATIONS:<\/strong><br \/>\n<strong>**Active Substances:**<\/strong> Huile d&rsquo;argan, huile d&rsquo;amande douce, poudre d&rsquo;argan, Vitamine E, poudre de pavot, Acide glycolique, acide salicylique, acide mand\u00e9lique, r\u00e9tinol, Niacinamide, Vitamine B3, vitamine C, acide hyaluronique, hyaluronate de sodium, Extrait de pomme (fruit), extrait de banane, extrait de fruit de la passion Caract\u00e9ristiques : P\u00e2te Parfum\u00e9e<br \/>\n<strong>MANUAL:<\/strong><\/p>\n<p>MANUAL:\n\n1. Apply the scrub to damp skin, using gentle circular movements.\n2. Rinse thoroughly with lukewarm water.<\/p>\n<p>Rincez abondamment \u00e0 l&rsquo;eau ti\u00e8de.<\/p>\n<p><strong>USAGE PRECAUTIONS:<br \/>\n<\/strong> \u2013 Avoid contact with eyes; In case of contact, rinse thoroughly.\n\u2013 Keep out of reach of children.<\/p>\n<p><strong>STORAGE BEFORE OPENING:<\/strong> :<br \/>\n\u2013 Store at room temperature (15\u00b0C to 25\u00b0C).<br \/>\n\u2013 Shelf life: 2 years from the date of production.<\/p>\n<p><strong>Durability Date:<\/strong><br \/>\n\u2013 24 months (after opening: 6 months).<\/p>","protected":false},"excerpt":{"rendered":"<p>Transform your skincare routine with our Perfumed Scrub, an exfoliating marvel designed to rejuvenate your skin by removing dead cells and stimulating cell renewal. The grainy texture delicately unclogs pores, smoothens skin texture, and unveils a radiant complexion.<\/p>\n<p>Embark on a sensory journey with our Perfumed Paste Scrub, where each application is a luxurious ritual. Enriched with the goodness of argan oil, sweet almond oil, and the revitalizing power of argan powder, this scrub is a testament to our commitment to your skin\u2019s vitality. The inclusion of Glycolic acid, salicylic acid, and mandelic acid ensures a comprehensive exfoliation experience, complemented by the benefits of retinol, niacinamide, and hyaluronic acid. Apply to damp skin using gentle circular movements to invigorate your senses and reveal a renewed glow. Trust in the stability of our preparation, stored at room temperature, with a shelf life of two years from production. Elevate your skincare with our Scrub \u2014 where exfoliation meets indulgence for a visibly refreshed and radiant complexion.<\/p>\n<p>ouvel\u00e9. Fiez-vous \u00e0 la stabilit\u00e9 de notre pr\u00e9paration, stock\u00e9e \u00e0 temp\u00e9rature ambiante, avec une dur\u00e9e de conservation de deux ans \u00e0 compter de la production. Rehaussez votre routine de soins de la peau avec notre Gommage \u2014 o\u00f9 l&rsquo;exfoliation rencontre l&rsquo;indulgence pour un teint visiblement rafra\u00eechi et rayonnant.<\/p>","protected":false},"featured_media":2726,"comment_status":"open","ping_status":"closed","template":"","meta":[],"product_cat":[127],"product_tag":[],"class_list":{"0":"post-2897","1":"product","2":"type-product","3":"status-publish","4":"has-post-thumbnail","6":"product_cat-soins-du-visage-fr","8":"first","9":"instock","10":"shipping-taxable","11":"purchasable","12":"product-type-simple"},"jetpack_sharing_enabled":true,"_links":{"self":[{"href":"https:\/\/www.esthecure.com\/en\/wp-json\/wp\/v2\/product\/2897","targetHints":{"allow":["GET"]}}],"collection":[{"href":"https:\/\/www.esthecure.com\/en\/wp-json\/wp\/v2\/product"}],"about":[{"href":"https:\/\/www.esthecure.com\/en\/wp-json\/wp\/v2\/types\/product"}],"replies":[{"embeddable":true,"href":"https:\/\/www.esthecure.com\/en\/wp-json\/wp\/v2\/comments?post=2897"}],"wp:featuredmedia":[{"embeddable":true,"href":"https:\/\/www.esthecure.com\/en\/wp-json\/wp\/v2\/media\/2726"}],"wp:attachment":[{"href":"https:\/\/www.esthecure.com\/en\/wp-json\/wp\/v2\/media?parent=2897"}],"wp:term":[{"taxonomy":"product_cat","embeddable":true,"href":"https:\/\/www.esthecure.com\/en\/wp-json\/wp\/v2\/product_cat?post=2897"},{"taxonomy":"product_tag","embeddable":true,"href":"https:\/\/www.esthecure.com\/en\/wp-json\/wp\/v2\/product_tag?post=2897"}],"curies":[{"name":"wp","href":"https:\/\/api.w.org\/{rel}","templated":true}]}}