{"id":3,"date":"2023-06-30T16:15:52","date_gmt":"2023-06-30T16:15:52","guid":{"rendered":"http:\/\/esthecure2.etorrus.com\/?page_id=3"},"modified":"2024-02-12T00:42:27","modified_gmt":"2024-02-12T00:42:27","slug":"conditions-generales-de-vente","status":"publish","type":"page","link":"https:\/\/www.esthecure.com\/en\/conditions-generales-de-vente\/","title":{"rendered":"T&amp;C"},"content":{"rendered":"<div data-elementor-type=\"wp-page\" data-elementor-id=\"3\" class=\"elementor elementor-3\">\n\t\t\t\t\t\t<section class=\"elementor-section elementor-top-section elementor-element elementor-element-4acef371 elementor-section-boxed elementor-section-height-default elementor-section-height-default\" data-id=\"4acef371\" data-element_type=\"section\">\n\t\t\t\t\t\t<div class=\"elementor-container elementor-column-gap-default\">\n\t\t\t\t\t<div class=\"elementor-column elementor-col-100 elementor-top-column elementor-element elementor-element-6576755f\" data-id=\"6576755f\" data-element_type=\"column\">\n\t\t\t<div class=\"elementor-widget-wrap elementor-element-populated\">\n\t\t\t\t\t\t<div class=\"elementor-element elementor-element-42c671c elementor-widget elementor-widget-text-editor\" data-id=\"42c671c\" data-element_type=\"widget\" data-widget_type=\"text-editor.default\">\n\t\t\t\t<div class=\"elementor-widget-container\">\n\t\t\t<style>\/*! elementor - v3.19.0 - 07-02-2024 *\/\n.elementor-widget-text-editor.elementor-drop-cap-view-stacked .elementor-drop-cap{background-color:#69727d;color:#fff}.elementor-widget-text-editor.elementor-drop-cap-view-framed .elementor-drop-cap{color:#69727d;border:3px solid;background-color:transparent}.elementor-widget-text-editor:not(.elementor-drop-cap-view-default) .elementor-drop-cap{margin-top:8px}.elementor-widget-text-editor:not(.elementor-drop-cap-view-default) .elementor-drop-cap-letter{width:1em;height:1em}.elementor-widget-text-editor .elementor-drop-cap{float:left;text-align:center;line-height:1;font-size:50px}.elementor-widget-text-editor .elementor-drop-cap-letter{display:inline-block}<\/style>\t\t\t\t\t\t\t\t\t\t<\/div>\n\t\t\t\t<\/div>\n\t\t\t\t<div class=\"elementor-element elementor-element-6ca3848 elementor-widget elementor-widget-heading\" data-id=\"6ca3848\" data-element_type=\"widget\" data-widget_type=\"heading.default\">\n\t\t\t\t<div class=\"elementor-widget-container\">\n\t\t\t<style>\/*! elementor - v3.19.0 - 07-02-2024 *\/\n.elementor-heading-title{padding:0;margin:0;line-height:1}.elementor-widget-heading .elementor-heading-title[class*=elementor-size-]>a{color:inherit;font-size:inherit;line-height:inherit}.elementor-widget-heading .elementor-heading-title.elementor-size-small{font-size:15px}.elementor-widget-heading .elementor-heading-title.elementor-size-medium{font-size:19px}.elementor-widget-heading .elementor-heading-title.elementor-size-large{font-size:29px}.elementor-widget-heading .elementor-heading-title.elementor-size-xl{font-size:39px}.elementor-widget-heading .elementor-heading-title.elementor-size-xxl{font-size:59px}<\/style><h2 class=\"elementor-heading-title elementor-size-default\">Terms and Conditions of Sale\n<div><br><\/div><\/h2>\t\t<\/div>\n\t\t\t\t<\/div>\n\t\t\t\t<div class=\"elementor-element elementor-element-2883e2f elementor-widget elementor-widget-heading\" data-id=\"2883e2f\" data-element_type=\"widget\" data-widget_type=\"heading.default\">\n\t\t\t\t<div class=\"elementor-widget-container\">\n\t\t\t<h2 class=\"elementor-heading-title elementor-size-default\">WARNING<\/h2>\t\t<\/div>\n\t\t\t\t<\/div>\n\t\t\t\t<div class=\"elementor-element elementor-element-3ba52744 elementor-widget elementor-widget-text-editor\" data-id=\"3ba52744\" data-element_type=\"widget\" data-widget_type=\"text-editor.default\">\n\t\t\t\t<div class=\"elementor-widget-container\">\n\t\t\t\t\t\t\t<p class=\"p1\" style=\"margin-bottom: 0px; margin-left: 35.4px; text-align: justify; font-variant-numeric: normal; font-variant-east-asian: normal; font-variant-alternates: normal; font-kerning: auto; font-optical-sizing: auto; font-feature-settings: normal; font-variation-settings: normal; font-variant-position: normal; font-stretch: normal; font-size: 12px; line-height: normal; font-family: 'Times New Roman'; color: #000000;\">You have just connected to the www.esthecure.com website of the Esthecure Company<\/p>\n<p class=\"p1\" style=\"margin-bottom: 0px; margin-left: 35.4px; text-align: justify; font-variant-numeric: normal; font-variant-east-asian: normal; font-variant-alternates: normal; font-kerning: auto; font-optical-sizing: auto; font-feature-settings: normal; font-variation-settings: normal; font-variant-position: normal; font-stretch: normal; font-size: 12px; line-height: normal; font-family: 'Times New Roman'; color: #000000;\">You must carefully read the provisions that follow as they constitute a contract establishing the general conditions of the products and services of the electronic catalog (or store) of Esthecure.<\/p>\n<p class=\"p1\" style=\"margin-bottom: 0px; margin-left: 35.4px; text-align: justify; font-variant-numeric: normal; font-variant-east-asian: normal; font-variant-alternates: normal; font-kerning: auto; font-optical-sizing: auto; font-feature-settings: normal; font-variation-settings: normal; font-variant-position: normal; font-stretch: normal; font-size: 12px; line-height: normal; font-family: 'Times New Roman'; color: #000000;\">The \u00ab click \u00bb that you will perform after completing your order form constitutes the validation of your order and will be considered irrevocable acceptance of these general conditions.<\/p>\n<p class=\"p1\" style=\"margin-bottom: 0px; margin-left: 35.4px; text-align: justify; font-variant-numeric: normal; font-variant-east-asian: normal; font-variant-alternates: normal; font-kerning: auto; font-optical-sizing: auto; font-feature-settings: normal; font-variation-settings: normal; font-variant-position: normal; font-stretch: normal; font-size: 12px; line-height: normal; font-family: 'Times New Roman'; color: #000000;\">As a result, you can only order products or services if you accept the conditions provided below.<\/p>\t\t\t\t\t\t<\/div>\n\t\t\t\t<\/div>\n\t\t\t\t<div class=\"elementor-element elementor-element-df59628 elementor-widget elementor-widget-heading\" data-id=\"df59628\" data-element_type=\"widget\" data-widget_type=\"heading.default\">\n\t\t\t\t<div class=\"elementor-widget-container\">\n\t\t\t<h2 class=\"elementor-heading-title elementor-size-default\">1. Preamble<\/h2>\t\t<\/div>\n\t\t\t\t<\/div>\n\t\t\t\t<div class=\"elementor-element elementor-element-d54584a elementor-widget elementor-widget-text-editor\" data-id=\"d54584a\" data-element_type=\"widget\" data-widget_type=\"text-editor.default\">\n\t\t\t\t<div class=\"elementor-widget-container\">\n\t\t\t\t\t\t\t<p>The following general terms and conditions govern all transactions established on the ESTHECURE web catalog. Any order placed on this site assumes the customer\u2019s unconditional and irrevocable acceptance of these conditions.<\/p>\t\t\t\t\t\t<\/div>\n\t\t\t\t<\/div>\n\t\t\t\t<div class=\"elementor-element elementor-element-d6b4924 elementor-widget elementor-widget-heading\" data-id=\"d6b4924\" data-element_type=\"widget\" data-widget_type=\"heading.default\">\n\t\t\t\t<div class=\"elementor-widget-container\">\n\t\t\t<h2 class=\"elementor-heading-title elementor-size-default\">2. Purpose<\/h2>\t\t<\/div>\n\t\t\t\t<\/div>\n\t\t\t\t<div class=\"elementor-element elementor-element-1c9f3a0 elementor-widget elementor-widget-text-editor\" data-id=\"1c9f3a0\" data-element_type=\"widget\" data-widget_type=\"text-editor.default\">\n\t\t\t\t<div class=\"elementor-widget-container\">\n\t\t\t\t\t\t\t<p>This contract is a distance contract that aims to define the rights and obligations of the parties in the context of the sale of ESTHECURE\u2019s products on the Internet, through the secure online payment platform of the Interbank Monetary Center. ESTHECURE is a service and a brand registered by ESTHECURE.\u00a0<span style=\"color: var(--august-text-color); font-family: var(--august-main-font), Helvetica, Arial, sans-serif; font-weight: var(--august-main-font-weight);\">ESTHECURE<\/span><span style=\"color: var(--august-text-color); font-family: var(--august-main-font), Helvetica, Arial, sans-serif; font-weight: var(--august-main-font-weight);\">\u00a0est un service et une marque d\u00e9pos\u00e9s par\u00a0<\/span><span style=\"color: var(--august-text-color); font-family: var(--august-main-font), Helvetica, Arial, sans-serif; font-weight: var(--august-main-font-weight);\">ESTHECURE<\/span><span style=\"color: var(--august-text-color); font-family: var(--august-main-font), Helvetica, Arial, sans-serif; font-weight: var(--august-main-font-weight);\">.<\/span><\/p>\t\t\t\t\t\t<\/div>\n\t\t\t\t<\/div>\n\t\t\t\t<div class=\"elementor-element elementor-element-06b1278 elementor-widget elementor-widget-heading\" data-id=\"06b1278\" data-element_type=\"widget\" data-widget_type=\"heading.default\">\n\t\t\t\t<div class=\"elementor-widget-container\">\n\t\t\t<h2 class=\"elementor-heading-title elementor-size-default\">3. Definitions<\/h2>\t\t<\/div>\n\t\t\t\t<\/div>\n\t\t\t\t<div class=\"elementor-element elementor-element-20ef63d elementor-widget elementor-widget-text-editor\" data-id=\"20ef63d\" data-element_type=\"widget\" data-widget_type=\"text-editor.default\">\n\t\t\t\t<div class=\"elementor-widget-container\">\n\t\t\t\t\t\t\t<p>In the remainder of the contract, each of the expressions mentioned above will be understood in the sense of its definition, namely:<\/p>\n<p>\u00ab Distance contract \u00bb: any contract concerning goods or services between the ESTHECURE Company and a Consumer within the framework of a system of sale or service provision at a distance organized by the ESTHECURE Company which, for this contract, uses exclusively the Internet network up to the conclusion of the contract, including the conclusion of the contract itself.<\/p>\n<p>\u00ab Consumer \u00bb: any natural person who, in this contract, acts for purposes that do not fall within the scope of his professional activity.<\/p>\n<p>\u00ab Order form \u00bb: a document that indicates the characteristics of the Products ordered by the Consumer and which must be signed by him by \u00ab double click \u00bb to commit him.<\/p>\n<p>\u00ab Order \u00bb: an act by which the Consumer undertakes to buy Products and the ESTHECURE Company to deliver them.<\/p>\n<div>\u00a0<\/div>\t\t\t\t\t\t<\/div>\n\t\t\t\t<\/div>\n\t\t\t\t<div class=\"elementor-element elementor-element-1a49421 elementor-widget elementor-widget-heading\" data-id=\"1a49421\" data-element_type=\"widget\" data-widget_type=\"heading.default\">\n\t\t\t\t<div class=\"elementor-widget-container\">\n\t\t\t<h2 class=\"elementor-heading-title elementor-size-default\">4. Product<\/h2>\t\t<\/div>\n\t\t\t\t<\/div>\n\t\t\t\t<div class=\"elementor-element elementor-element-5feb75c elementor-widget elementor-widget-text-editor\" data-id=\"5feb75c\" data-element_type=\"widget\" data-widget_type=\"text-editor.default\">\n\t\t\t\t<div class=\"elementor-widget-container\">\n\t\t\t\t\t\t\t<p>All products in the catalog are marketed until stock is exhausted.<\/p>\n<p>The ESTHECURE company reserves the right to withdraw an item from the catalog, and this without notice. It can in no case be held to compensate or cancel an order following the impossibility of using the purchased product for a reason of incompatibility with the equipment already owned by the buyer.<\/p>\n<div>\u00a0<\/div>\t\t\t\t\t\t<\/div>\n\t\t\t\t<\/div>\n\t\t\t\t<div class=\"elementor-element elementor-element-6799d6e elementor-widget elementor-widget-heading\" data-id=\"6799d6e\" data-element_type=\"widget\" data-widget_type=\"heading.default\">\n\t\t\t\t<div class=\"elementor-widget-container\">\n\t\t\t<h2 class=\"elementor-heading-title elementor-size-default\">5. Placing an order<\/h2>\t\t<\/div>\n\t\t\t\t<\/div>\n\t\t\t\t<div class=\"elementor-element elementor-element-5b836aa elementor-widget elementor-widget-text-editor\" data-id=\"5b836aa\" data-element_type=\"widget\" data-widget_type=\"text-editor.default\">\n\t\t\t\t<div class=\"elementor-widget-container\">\n\t\t\t\t\t\t\t<p>After finding the product or products that interest you, click on the \u2018order\u2019 button, the product is then added to your order form.\u2028You can modify your order form at any time and you can return to the catalog by pressing continue shopping.<\/p>\n<div>\n<div>we advise you to send us a cancellation request by email within 24 hours. After cancellation of the order by ESTHECURE, you can order again.<\/div>\n<div>En cas d\u2019erreur de votre part, au moment de votre saisie sur le bon de commande, nous vous conseillons de nous adresser dans les 24 h une demande d\u2019annulation par e-mail. Apr\u00e8s annulation de la commande par ESTHECURE, vous pouvez commander \u00e0 nouveau.\u00a0<\/div>\n<\/div>\n<div>\u00a0<\/div>\t\t\t\t\t\t<\/div>\n\t\t\t\t<\/div>\n\t\t\t\t<div class=\"elementor-element elementor-element-9c1b496 elementor-widget elementor-widget-heading\" data-id=\"9c1b496\" data-element_type=\"widget\" data-widget_type=\"heading.default\">\n\t\t\t\t<div class=\"elementor-widget-container\">\n\t\t\t<h2 class=\"elementor-heading-title elementor-size-default\">6. Price<\/h2>\t\t<\/div>\n\t\t\t\t<\/div>\n\t\t\t\t<div class=\"elementor-element elementor-element-eed506d elementor-widget elementor-widget-text-editor\" data-id=\"eed506d\" data-element_type=\"widget\" data-widget_type=\"text-editor.default\">\n\t\t\t\t<div class=\"elementor-widget-container\">\n\t\t\t\t\t\t\t<p>The prices mentioned in the catalog are indicated in Moroccan dirham excluding tax, are valid at the time of their consultation by the customer and are those in effect at the time of the order.<\/p>\n<p>VAT is calculated in the order form according to the rate applicable on the day of the order. The order form and transactions are done in Moroccan dirham.<\/p>\n<p>Any change in the rate will be automatically reflected in the price of the products.\u00a0<\/p>\n<div>\u00a0<\/div>\t\t\t\t\t\t<\/div>\n\t\t\t\t<\/div>\n\t\t\t\t<div class=\"elementor-element elementor-element-e9f0942 elementor-widget elementor-widget-heading\" data-id=\"e9f0942\" data-element_type=\"widget\" data-widget_type=\"heading.default\">\n\t\t\t\t<div class=\"elementor-widget-container\">\n\t\t\t<h2 class=\"elementor-heading-title elementor-size-default\">7. Execution of the order<\/h2>\t\t<\/div>\n\t\t\t\t<\/div>\n\t\t\t\t<div class=\"elementor-element elementor-element-3cfd8f6 elementor-widget elementor-widget-text-editor\" data-id=\"3cfd8f6\" data-element_type=\"widget\" data-widget_type=\"text-editor.default\">\n\t\t\t\t<div class=\"elementor-widget-container\">\n\t\t\t\t\t\t\t<p>The order will be executed no later than within 7 days from the day after the Consumer placed his order.<\/p>\n<p>In case of unavailability of the ordered Product, the Consumer will be informed as soon as possible and will have the possibility to cancel his order.<\/p>\n<p>He will then have the choice to either request the refund of the amounts paid within a maximum of thirty days of their payment, or the exchange of the Product.<\/p>\n<div>\u00a0<\/div>\t\t\t\t\t\t<\/div>\n\t\t\t\t<\/div>\n\t\t\t\t<div class=\"elementor-element elementor-element-a8c5057 elementor-widget elementor-widget-heading\" data-id=\"a8c5057\" data-element_type=\"widget\" data-widget_type=\"heading.default\">\n\t\t\t\t<div class=\"elementor-widget-container\">\n\t\t\t<h2 class=\"elementor-heading-title elementor-size-default\">8. Delivery<\/h2>\t\t<\/div>\n\t\t\t\t<\/div>\n\t\t\t\t<div class=\"elementor-element elementor-element-f207e91 elementor-widget elementor-widget-text-editor\" data-id=\"f207e91\" data-element_type=\"widget\" data-widget_type=\"text-editor.default\">\n\t\t\t\t<div class=\"elementor-widget-container\">\n\t\t\t\t\t\t\t<p>Delivery is not provided by ESTHECURE. The customer will collect his goods at the delivery address indicated on his Order form.<\/p>\n<p>The Products are delivered to the address indicated by the Consumer on the Order Form. The Consumer is required to check the merchandise upon delivery and report any damages due to the carrier on the delivery note as well as to the ESTHECURE Company within a day.<\/p>\n<p>The Consumer may, at his request, obtain the sending of an invoice to the delivery address by validating the option provided for this purpose on the Order Form.<\/p>\n<p>How much does delivery cost?<\/p>\n<p>Transportation costs are the responsibility of the buyer,<\/p>\n<p>\u2013 In Morocco and abroad, they are based on the rates of ARAMEX in registered mail.<\/p>\n<p>\u2013 Our rates are inclusive of all taxes and are calculated based on the weight of the products.\u2028- The cost of transporting your delivery is indicated on your invoice.<\/p>\n<p>\u2013 It decreases with the quantity ordered. It is best to group your orders.<\/p>\n<p>What are the delivery times?<\/p>\n<p>After receiving your payment, your order is shipped within 48 hours, subject to available stock.<\/p>\n<p>In Morocco and abroad, items will be sent to you by registered post.\u2028Any delays cannot give rise to damages, cancellation of the order, or refusal to take delivery.\u00a0<\/p>\n<div>\u00a0<\/div>\t\t\t\t\t\t<\/div>\n\t\t\t\t<\/div>\n\t\t\t\t<div class=\"elementor-element elementor-element-fbaaece elementor-widget elementor-widget-heading\" data-id=\"fbaaece\" data-element_type=\"widget\" data-widget_type=\"heading.default\">\n\t\t\t\t<div class=\"elementor-widget-container\">\n\t\t\t<h2 class=\"elementor-heading-title elementor-size-default\">9. Payment method<\/h2>\t\t<\/div>\n\t\t\t\t<\/div>\n\t\t\t\t<div class=\"elementor-element elementor-element-6f0958e elementor-widget elementor-widget-text-editor\" data-id=\"6f0958e\" data-element_type=\"widget\" data-widget_type=\"text-editor.default\">\n\t\t\t\t<div class=\"elementor-widget-container\">\n\t\t\t\t\t\t\t<p>To pay for your order, you choose the payment method among those offered by ESTHECURE on the payment page.<\/p>\n<p>\u00a0<\/p>\n<p>In this case, the remittance of the transaction for debit from your account is made on the day following the date of the delivery confirmation.<\/p>\n<p>\u00a0<\/p>\n<p>Your online payments are secured by the Interbank Monetary Center (CMI) which offers a fully secure payment service.<\/p>\n<p>\u00a0<\/p>\n<p>The Consumer guarantees the ESTHECURE Company that he has the necessary authorizations to use the payment method chosen by him, during the validation of the Order Form.<\/p>\n<p>In case of payment by credit card, the provisions relating to the fraudulent use of the payment method provided in the agreements concluded between the Consumer and the card issuer and between the ESTHECURE Company and its banking establishment apply.<\/p>\n<div>\u00a0<\/div>\t\t\t\t\t\t<\/div>\n\t\t\t\t<\/div>\n\t\t\t\t<div class=\"elementor-element elementor-element-49a306c elementor-widget elementor-widget-heading\" data-id=\"49a306c\" data-element_type=\"widget\" data-widget_type=\"heading.default\">\n\t\t\t\t<div class=\"elementor-widget-container\">\n\t\t\t<h2 class=\"elementor-heading-title elementor-size-default\">10. Confidentiality of data<\/h2>\t\t<\/div>\n\t\t\t\t<\/div>\n\t\t\t\t<div class=\"elementor-element elementor-element-9bbe985 elementor-widget elementor-widget-text-editor\" data-id=\"9bbe985\" data-element_type=\"widget\" data-widget_type=\"text-editor.default\">\n\t\t\t\t<div class=\"elementor-widget-container\">\n\t\t\t\t\t\t\t<p>The information requested from you is necessary for the processing of your order and is treated confidentially.\u2028You have the right to rectify data concerning you.<\/p>\t\t\t\t\t\t<\/div>\n\t\t\t\t<\/div>\n\t\t\t\t<div class=\"elementor-element elementor-element-47382f5 elementor-widget elementor-widget-heading\" data-id=\"47382f5\" data-element_type=\"widget\" data-widget_type=\"heading.default\">\n\t\t\t\t<div class=\"elementor-widget-container\">\n\t\t\t<h2 class=\"elementor-heading-title elementor-size-default\">11. Cancel an order paid by credit card<\/h2>\t\t<\/div>\n\t\t\t\t<\/div>\n\t\t\t\t<div class=\"elementor-element elementor-element-42c753f elementor-widget elementor-widget-text-editor\" data-id=\"42c753f\" data-element_type=\"widget\" data-widget_type=\"text-editor.default\">\n\t\t\t\t<div class=\"elementor-widget-container\">\n\t\t\t\t\t\t\t<p>\u2026<\/p>\t\t\t\t\t\t<\/div>\n\t\t\t\t<\/div>\n\t\t\t\t<div class=\"elementor-element elementor-element-d9662a4 elementor-widget elementor-widget-heading\" data-id=\"d9662a4\" data-element_type=\"widget\" data-widget_type=\"heading.default\">\n\t\t\t\t<div class=\"elementor-widget-container\">\n\t\t\t<h2 class=\"elementor-heading-title elementor-size-default\">12. Right of withdrawal<\/h2>\t\t<\/div>\n\t\t\t\t<\/div>\n\t\t\t\t<div class=\"elementor-element elementor-element-f35c4ec elementor-widget elementor-widget-text-editor\" data-id=\"f35c4ec\" data-element_type=\"widget\" data-widget_type=\"text-editor.default\">\n\t\t\t\t<div class=\"elementor-widget-container\">\n\t\t\t\t\t\t\t<p>From the date of delivery of your order, you have a period of 7 days to exercise your right of withdrawal, and be fully refunded. The cost of returning the goods remains your responsibility. However, only goods returned in perfect resale condition, complete and in their original packaging (unopened) will be refunded.<\/p>\n<div>\u00a0<\/div>\t\t\t\t\t\t<\/div>\n\t\t\t\t<\/div>\n\t\t\t\t<div class=\"elementor-element elementor-element-8281e5b elementor-widget elementor-widget-heading\" data-id=\"8281e5b\" data-element_type=\"widget\" data-widget_type=\"heading.default\">\n\t\t\t\t<div class=\"elementor-widget-container\">\n\t\t\t<h2 class=\"elementor-heading-title elementor-size-default\">13. Warranty<\/h2>\t\t<\/div>\n\t\t\t\t<\/div>\n\t\t\t\t<div class=\"elementor-element elementor-element-dac1722 elementor-widget elementor-widget-text-editor\" data-id=\"dac1722\" data-element_type=\"widget\" data-widget_type=\"text-editor.default\">\n\t\t\t\t<div class=\"elementor-widget-container\">\n\t\t\t\t\t\t\t<p>All products sold on the catalog are guaranteed against manufacturing defects and material defects. The duration of this guarantee is at least one year (from the invoice date). In case of return of equipment proving to be non-defective, transport and handling fees may be charged to the customer. This warranty does not cover damages resulting from accidents, misuse, or negligence.<\/p>\n<div>\u00a0<\/div>\t\t\t\t\t\t<\/div>\n\t\t\t\t<\/div>\n\t\t\t\t<div class=\"elementor-element elementor-element-4e9575a elementor-widget elementor-widget-heading\" data-id=\"4e9575a\" data-element_type=\"widget\" data-widget_type=\"heading.default\">\n\t\t\t\t<div class=\"elementor-widget-container\">\n\t\t\t<h2 class=\"elementor-heading-title elementor-size-default\">14. Proof of transactions paid by credit card<\/h2>\t\t<\/div>\n\t\t\t\t<\/div>\n\t\t\t\t<div class=\"elementor-element elementor-element-8fd929f elementor-widget elementor-widget-text-editor\" data-id=\"8fd929f\" data-element_type=\"widget\" data-widget_type=\"text-editor.default\">\n\t\t\t\t<div class=\"elementor-widget-container\">\n\t\t\t\t\t\t\t<p>The data recorded by the CMI on the online payment platform for the account of ESTHECURE constitute proof of the commercial transactions passed between you and the ESTHECURE company.<\/p>\n<div>\u00a0<\/div>\t\t\t\t\t\t<\/div>\n\t\t\t\t<\/div>\n\t\t\t\t<div class=\"elementor-element elementor-element-c2436c7 elementor-widget elementor-widget-heading\" data-id=\"c2436c7\" data-element_type=\"widget\" data-widget_type=\"heading.default\">\n\t\t\t\t<div class=\"elementor-widget-container\">\n\t\t\t<h2 class=\"elementor-heading-title elementor-size-default\">15. Force majeure<\/h2>\t\t<\/div>\n\t\t\t\t<\/div>\n\t\t\t\t<div class=\"elementor-element elementor-element-dc465d3 elementor-widget elementor-widget-text-editor\" data-id=\"dc465d3\" data-element_type=\"widget\" data-widget_type=\"text-editor.default\">\n\t\t\t\t<div class=\"elementor-widget-container\">\n\t\t\t\t\t\t\t<p>ESTHECURE is only bound for the execution of its obligations insofar as no event of force majeure hinders them.<\/p>\t\t\t\t\t\t<\/div>\n\t\t\t\t<\/div>\n\t\t\t\t\t<\/div>\n\t\t<\/div>\n\t\t\t\t\t<\/div>\n\t\t<\/section>\n\t\t\t\t<\/div>","protected":false},"excerpt":{"rendered":"<p>CONDITIONS G\u00c9N\u00c9RALES DE VENTE AVERTISSEMENT Vous venez de vous connecter sur le site www.esthecure.com de la Soci\u00e9t\u00e9 Esthecure Vous devez lire attentivement les dispositions qui vont suivre car elles constituent un contact \u00e9tablissant les conditions g\u00e9n\u00e9rales des produits et services du catalogue (ou de la boutique) \u00e9lectronique de la Soci\u00e9t\u00e9 esthecure. Le \u00ab\u00a0clic\u00a0\u00bb que vous &hellip; <br \/><a href=\"https:\/\/www.esthecure.com\/en\/conditions-generales-de-vente\/\" class=\"more-link\">Continue reading <span class=\"screen-reader-text\">T&amp;C<\/span><\/a><\/p>","protected":false},"author":3,"featured_media":0,"parent":0,"menu_order":0,"comment_status":"closed","ping_status":"open","template":"","meta":{"footnotes":""},"class_list":["post-3","page","type-page","status-publish","hentry"],"jetpack_sharing_enabled":true,"_links":{"self":[{"href":"https:\/\/www.esthecure.com\/en\/wp-json\/wp\/v2\/pages\/3","targetHints":{"allow":["GET"]}}],"collection":[{"href":"https:\/\/www.esthecure.com\/en\/wp-json\/wp\/v2\/pages"}],"about":[{"href":"https:\/\/www.esthecure.com\/en\/wp-json\/wp\/v2\/types\/page"}],"author":[{"embeddable":true,"href":"https:\/\/www.esthecure.com\/en\/wp-json\/wp\/v2\/users\/3"}],"replies":[{"embeddable":true,"href":"https:\/\/www.esthecure.com\/en\/wp-json\/wp\/v2\/comments?post=3"}],"version-history":[{"count":11,"href":"https:\/\/www.esthecure.com\/en\/wp-json\/wp\/v2\/pages\/3\/revisions"}],"predecessor-version":[{"id":2945,"href":"https:\/\/www.esthecure.com\/en\/wp-json\/wp\/v2\/pages\/3\/revisions\/2945"}],"wp:attachment":[{"href":"https:\/\/www.esthecure.com\/en\/wp-json\/wp\/v2\/media?parent=3"}],"curies":[{"name":"wp","href":"https:\/\/api.w.org\/{rel}","templated":true}]}}